{"id":1498,"date":"2024-09-20T10:35:04","date_gmt":"2024-09-20T08:35:04","guid":{"rendered":"https:\/\/slf-kassel.de\/?page_id=1498"},"modified":"2025-09-26T08:55:55","modified_gmt":"2025-09-26T06:55:55","slug":"biond-daily-kitchen-tagesmenue","status":"publish","type":"page","link":"https:\/\/well-lifestyle.de\/index.php\/biond-daily-kitchen-tagesmenue\/","title":{"rendered":"biond daily kitchen Tagesmen\u00fc"},"content":{"rendered":"<h1>Tagesmen\u00fc<\/h1>\n<div>\n<p>&nbsp;<\/p>\n<\/div>\n<div>\n<p><span class=\"tm-grp\">BEILAGEN 1 inkludiert<\/span><br \/>Vollkornreis<br \/>Nudeln<br \/>Kartoffeln<\/p>\n<\/div>\n<p><img decoding=\"async\" src=\"\/wp-content\/uploads\/2024\/09\/DailyKitchen_Logo-Claim_RGB.png\" alt=\"biond daily kitchen - T\u00c4GLICH GUTES ESSEN\"><br \/>\n<img decoding=\"async\" src=\"\/wp-content\/uploads\/2024\/08\/BiO.png\" alt=\"\"><\/p>\n<div>\n<p><span class=\"tm-adresse\">Wilhelmine Halberstadt Str. 2-4 Kassel-Marbachsh\u00f6he<\/span><br \/>Allergene bitte an der Ausgabe erfragen.<br \/>Alle Zutaten f\u00fcr unsere Speisen und Getr\u00e4nke (mit Ausnahme von Fisch aus Wildfang) stammen aus \u00f6kologischer Erzeugung.<\/p>\n<\/div>\n<p><!--more--><br \/>\n<!-- {\"type\":\"layout\",\"children\":[{\"type\":\"section\",\"props\":{\"id\":\"Tagesmenue\",\"image_position\":\"center-center\",\"style\":\"default\",\"title_breakpoint\":\"xl\",\"title_position\":\"top-left\",\"title_rotation\":\"left\",\"vertical_align\":\"middle\",\"width\":\"default\"},\"children\":[{\"type\":\"row\",\"props\":{\"layout\":\"1-2,1-2\"},\"children\":[{\"type\":\"column\",\"props\":{\"image_position\":\"center-center\",\"position_sticky_breakpoint\":\"m\",\"width_medium\":\"1-2\"},\"children\":[{\"type\":\"headline\",\"props\":{\"content\":\"Tagesmen\\u00fc\",\"id\":\"TM_aus\",\"title_element\":\"h1\"}},{\"type\":\"module\",\"props\":{\"menu_image_align\":\"center\",\"menu_image_margin\":true,\"menu_style\":\"default\",\"menu_type\":\"nav\",\"type\":\"builderwidget\",\"widget\":\"builderwidget-10\"},\"name\":\"Tagesgerichte\"},{\"type\":\"text\",\"props\":{\"class\":\"tm-gericht tm-empty\",\"column_breakpoint\":\"m\",\"content\":\"\n\n<p>&nbsp;<\\\/p>\",\"margin\":\"default\"},\"name\":\"Linie\"},{\"type\":\"text\",\"props\":{\"column_breakpoint\":\"m\",\"content\":\"\",\"margin\":\"default\"}},{\"type\":\"text\",\"props\":{\"class\":\"tm-gericht tm-notop\",\"column_breakpoint\":\"m\",\"content\":\"\n\n<p><span class=\\\"tm-grp\\\">BEILAGEN 1 inkludiert<\\\/span><br \\\/>Vollkornreis<br \\\/>Nudeln<br \\\/>Kartoffeln<\\\/p>\",\"margin\":\"default\"},\"name\":\"Beilagen\"},{\"type\":\"text\",\"props\":{\"class\":\"tm-gericht  tm-empty\",\"column_breakpoint\":\"m\",\"content\":\"\",\"margin\":\"default\"},\"name\":\"Linie\"}]},{\"type\":\"column\",\"props\":{\"image_position\":\"center-center\",\"position_sticky_breakpoint\":\"m\",\"width_medium\":\"1-2\"},\"children\":[{\"type\":\"image\",\"props\":{\"id\":\"Logo\",\"image\":\"wp-content\\\/uploads\\\/2024\\\/09\\\/DailyKitchen_Logo-Claim_RGB.png\",\"image_alt\":\"biond daily kitchen - T\\u00c4GLICH GUTES ESSEN\",\"image_focal_point\":\"center-left\",\"image_svg_color\":\"emphasis\",\"image_width\":600,\"margin\":\"default\",\"text_align\":\"center\"},\"name\":\"Logo\"},{\"type\":\"module\",\"props\":{\"menu_image_align\":\"center\",\"menu_image_margin\":true,\"menu_style\":\"default\",\"menu_type\":\"nav\",\"type\":\"builderwidget\",\"widget\":\"builderwidget-11\"}},{\"type\":\"fragment\",\"props\":{\"margin\":\"default\",\"status\":\"disabled\"},\"children\":[{\"type\":\"row\",\"props\":{\"layout\":\"1-2,1-2\"},\"children\":[{\"type\":\"column\",\"props\":{\"image_position\":\"center-center\",\"position_sticky_breakpoint\":\"m\",\"width_medium\":\"1-2\"},\"children\":[{\"type\":\"text\",\"props\":{\"class\":\"tm-gericht\",\"column_breakpoint\":\"m\",\"content\":\"\n\n<p><span class=\\\"tm-grp\\\">DESSERT<\\\/span><br \\\/>div. Sorten Eis im Becher<\\\/p>\",\"margin\":\"default\"},\"name\":\"Beilagen\"},{\"type\":\"text\",\"props\":{\"class\":\"tm-gericht tm-empty\",\"column_breakpoint\":\"m\",\"content\":\"\n\n<p>\\u00a0\\u00a0<\\\/p>\",\"margin\":\"default\",\"status\":\"disabled\"},\"name\":\"Linie\"}]},{\"type\":\"column\",\"props\":{\"image_position\":\"center-center\",\"position_sticky_breakpoint\":\"m\",\"width_medium\":\"1-2\"},\"children\":[{\"type\":\"module\",\"props\":{\"menu_image_align\":\"center\",\"menu_image_margin\":true,\"menu_style\":\"default\",\"menu_type\":\"nav\",\"type\":\"builderwidget\",\"widget\":\"builderwidget-11\"},\"name\":\"Dessert\"},{\"type\":\"text\",\"props\":{\"class\":\"tm-gericht  tm-empty\",\"column_breakpoint\":\"m\",\"content\":\"\n\n<p>\\u00a0\\u00a0<\\\/p>\",\"margin\":\"default\"},\"name\":\"Linie\"}]}]}]}]}]}],\"name\":\"Tagesmen\\u00fc\"},{\"type\":\"section\",\"props\":{\"id\":\"Bottom\",\"image_position\":\"center-center\",\"style\":\"default\",\"title_breakpoint\":\"xl\",\"title_position\":\"top-left\",\"title_rotation\":\"left\",\"vertical_align\":\"middle\",\"width\":\"default\"},\"children\":[{\"type\":\"row\",\"children\":[{\"type\":\"column\",\"props\":{\"image_position\":\"center-center\",\"position_sticky_breakpoint\":\"m\"},\"children\":[{\"type\":\"image\",\"props\":{\"image\":\"wp-content\\\/uploads\\\/2024\\\/08\\\/BiO.png\",\"image_svg_color\":\"emphasis\",\"image_width\":75,\"margin\":\"default\"}},{\"type\":\"text\",\"props\":{\"column_breakpoint\":\"m\",\"content\":\"\n\n<p><span class=\\\"tm-adresse\\\">Wilhelmine Halberstadt Str. 2-4 Kassel-Marbachsh\\u00f6he<\\\/span><br \\\/>Allergene bitte an der Ausgabe erfragen.<br \\\/>Alle Zutaten f\\u00fcr unsere Speisen und Getr\\u00e4nke (mit Ausnahme von Fisch aus Wildfang) stammen aus \\u00f6kologischer Erzeugung.<\\\/p>\",\"margin\":\"default\"}}]}]}],\"name\":\"Bottom\"}],\"version\":\"4.3.5\"} --><\/p>\n","protected":false},"excerpt":{"rendered":"<p>Tagesmen\u00fc &nbsp; BEILAGEN 1 inkludiertVollkornreisNudelnKartoffeln Wilhelmine Halberstadt Str. 2-4 Kassel-Marbachsh\u00f6heAllergene bitte an der Ausgabe erfragen.Alle Zutaten f\u00fcr unsere Speisen und Getr\u00e4nke (mit Ausnahme von Fisch aus Wildfang) stammen aus \u00f6kologischer Erzeugung.<\/p>\n","protected":false},"author":3,"featured_media":0,"parent":0,"menu_order":0,"comment_status":"closed","ping_status":"closed","template":"","meta":{"footnotes":""},"class_list":["post-1498","page","type-page","status-publish","hentry"],"_links":{"self":[{"href":"https:\/\/well-lifestyle.de\/index.php\/wp-json\/wp\/v2\/pages\/1498","targetHints":{"allow":["GET"]}}],"collection":[{"href":"https:\/\/well-lifestyle.de\/index.php\/wp-json\/wp\/v2\/pages"}],"about":[{"href":"https:\/\/well-lifestyle.de\/index.php\/wp-json\/wp\/v2\/types\/page"}],"author":[{"embeddable":true,"href":"https:\/\/well-lifestyle.de\/index.php\/wp-json\/wp\/v2\/users\/3"}],"replies":[{"embeddable":true,"href":"https:\/\/well-lifestyle.de\/index.php\/wp-json\/wp\/v2\/comments?post=1498"}],"version-history":[{"count":41,"href":"https:\/\/well-lifestyle.de\/index.php\/wp-json\/wp\/v2\/pages\/1498\/revisions"}],"predecessor-version":[{"id":1875,"href":"https:\/\/well-lifestyle.de\/index.php\/wp-json\/wp\/v2\/pages\/1498\/revisions\/1875"}],"wp:attachment":[{"href":"https:\/\/well-lifestyle.de\/index.php\/wp-json\/wp\/v2\/media?parent=1498"}],"curies":[{"name":"wp","href":"https:\/\/api.w.org\/{rel}","templated":true}]}}